{"id":1047,"date":"2016-01-26T14:11:10","date_gmt":"2016-01-26T13:11:10","guid":{"rendered":"http:\/\/fonfon.net-precis.com\/shop\/coffret-decouverte-pour-2-personnes\/"},"modified":"2024-11-21T15:21:07","modified_gmt":"2024-11-21T14:21:07","slug":"coffret-decouverte-pour-2-personnes-avec-une-bouteille-de-vin","status":"publish","type":"product","link":"https:\/\/www.chez-fonfon.com\/en\/produit\/coffret-decouverte-pour-2-personnes-avec-une-bouteille-de-vin\/","title":{"rendered":"Coffret D\u00e9couverte pour 2 personnes avec une bouteille de vin"},"content":{"rendered":"<p><strong>Le coffret contient :<\/strong> 1 tote bag comprenant : 1 pot de soupe, 1 pot de Bouillabaisse, 1 pot de rouille, 1 pot d&#8217;A\u00efoli, 1 sachet de croutons, 1 bouteille de ros\u00e9 &#8220;Vallon des Auffes&#8221;.<\/p>\n<h3>Ingr\u00e9dients<\/h3>\n<p>Bouillon : eau, plusieurs vari\u00e9t\u00e9s de poissons(12%), l\u00e9gumes(oignons,poireaux), concentr\u00e9 de tomate, huile d&#8217;olive vierge extra, sel, \u00e9pices et aromates dont safran.<br \/>\nGarniture : poissons 38% (congre, vive, lotte, rascasse), pommes de terre sans colorant ni conservateur.<\/p>\n<h3>Conditions de stockage et conservation :<\/h3>\n<p>Stocker \u00e0 temp\u00e9rature ambiante et s\u00e8che.<\/p>\n<h3>Date limite de consommation :<\/h3>\n<p>13 mois apr\u00e8s la date de fabrication.<\/p>\n","protected":false},"excerpt":{"rendered":"<p>Soupe de Poissons &amp; Bouillabaisse de Chez Fonfon, plats traditionnels par excellence du restaurant.<br \/>\n&#8220;Nous avons r\u00e9ussi \u00e0 la pr\u00e9parer pour vous en bocal de mani\u00e8re \u00e0 conserver tous ses ar\u00f4mes. Les m\u00eames ingr\u00e9dients qu&#8217;au restaurant: rascasse, vive, congre, tomate, safran&#8230; Accompagn\u00e9e de ses sauces, rouille, a\u00efoli, plus quelques croutons. Vous aurez tous les parfums du Vallon des Auffes \u00e0 votre table.&#8221;<\/p>\n","protected":false},"featured_media":5755,"template":"","meta":[],"product_brand":[],"product_cat":[25],"product_tag":[],"class_list":{"0":"post-1047","1":"product","2":"type-product","3":"status-publish","4":"has-post-thumbnail","6":"product_cat-made-in-fonfon-fr","8":"first","9":"instock","10":"taxable","11":"shipping-taxable","12":"purchasable","13":"product-type-variable"},"_links":{"self":[{"href":"https:\/\/www.chez-fonfon.com\/en\/wp-json\/wp\/v2\/product\/1047","targetHints":{"allow":["GET"]}}],"collection":[{"href":"https:\/\/www.chez-fonfon.com\/en\/wp-json\/wp\/v2\/product"}],"about":[{"href":"https:\/\/www.chez-fonfon.com\/en\/wp-json\/wp\/v2\/types\/product"}],"wp:featuredmedia":[{"embeddable":true,"href":"https:\/\/www.chez-fonfon.com\/en\/wp-json\/wp\/v2\/media\/5755"}],"wp:attachment":[{"href":"https:\/\/www.chez-fonfon.com\/en\/wp-json\/wp\/v2\/media?parent=1047"}],"wp:term":[{"taxonomy":"product_brand","embeddable":true,"href":"https:\/\/www.chez-fonfon.com\/en\/wp-json\/wp\/v2\/product_brand?post=1047"},{"taxonomy":"product_cat","embeddable":true,"href":"https:\/\/www.chez-fonfon.com\/en\/wp-json\/wp\/v2\/product_cat?post=1047"},{"taxonomy":"product_tag","embeddable":true,"href":"https:\/\/www.chez-fonfon.com\/en\/wp-json\/wp\/v2\/product_tag?post=1047"}],"curies":[{"name":"wp","href":"https:\/\/api.w.org\/{rel}","templated":true}]}}