{"id":1268,"date":"2016-03-30T16:14:13","date_gmt":"2016-03-30T14:14:13","guid":{"rendered":"http:\/\/www.chez-fonfon.com\/en\/shop\/bon-cadeau-latelier\/"},"modified":"2026-01-22T13:31:30","modified_gmt":"2026-01-22T12:31:30","slug":"bon-cadeau-latelier","status":"publish","type":"product","link":"https:\/\/www.chez-fonfon.com\/en\/produit\/bon-cadeau-latelier\/","title":{"rendered":"Bon cadeau &#8220;\u00c9l\u00e9onore&#8221;"},"content":{"rendered":"<p><span style=\"text-decoration: underline;\"><strong>Mode d&#8217;emploi<\/strong><\/span><br \/>\nVous remplissez le formulaire de droite et une fois l&#8217;achat du bon effectu\u00e9, le lien de t\u00e9l\u00e9chargement du bon sera envoy\u00e9 directement \u00e0 l&#8217;email du b\u00e9n\u00e9ficiaire renseign\u00e9.<\/p>\n<p><em><strong>Astuce :<\/strong> <\/em>Vous souhaitez offrir ce bon en personne, indiquez votre email en lieu et place de celui du b\u00e9n\u00e9ficiaire. Notez que vous pouvez \u00e9galement le t\u00e9l\u00e9charger sur la page de confirmation de paiement, apr\u00e8s le &#8220;retour boutique&#8221;<\/p>\n<p><strong><span style=\"text-decoration: underline;\">Conditions d&#8217;utilisation<\/span><\/strong><br \/>\nLe bon cadeau est valable pour la formule pour 2 personnes.<br \/>\nLe Bon cadeau n&#8217;est ni \u00e9changeable, ni remboursable.<br \/>\nUne R\u00e9servation est obligatoire en amont, et avant la date d&#8217;expiration du bon cadeau \u00e0 savoir 365 jours apr\u00e8s achat.<\/p>\n<p>Merci de pr\u00e9ciser votre num\u00e9ro de bon cadeau \u00e0 la r\u00e9servation.<\/p>\n<p><strong>Un surplus pourra vous \u00eatre factur\u00e9 en cas de haute saison, jour f\u00e9ri\u00e9, ou \u00e9v\u00e8nement exceptionnel dans la ville de Marseille.<\/strong><\/p>\n","protected":false},"excerpt":{"rendered":"<p><span style=\"text-decoration: underline;\"><strong>Quel week-end Incroyable :<br \/>\n<\/strong><\/span>Offrez une soir\u00e9e inoubliable \u00e0 votre famille, vos amis ou vos relations professionnelles.<br \/>\nUn diner pour deux au restaurant &#8220;Chez Fonfon&#8221; suivi d&#8217;une r\u00e9servation pour passer la nuit chez <strong>&#8220;\u00c9l\u00e9onore&#8221;<\/strong> de Fonfon, face au Vallon des Auffes petit port typique au c\u0153ur de Marseille.<\/p>\n<p><span style=\"text-decoration: underline;\">L&#8217;offre comprend<\/span><\/p>\n<ul>\n<li>1 repas pour 2 personnes\u00a0 au restaurant <strong><em>chez Fonfon<\/em><\/strong> (2 coupettes de champagne, 2 bouillabaisses, desserts , 1 bouteille de vin du Domaine des C\u00e9sars)<\/li>\n<li>1 nuit\u00e9e pour 2 dans la chambre \u201c<em><strong>\u00c9l\u00e9onore<\/strong><\/em>\u201d,<\/li>\n<li>2 petits d\u00e9jeuners,<\/li>\n<li>2 taxes de s\u00e9jour<\/li>\n<\/ul>\n","protected":false},"featured_media":7510,"template":"","meta":[],"product_brand":[],"product_cat":[27],"product_tag":[],"class_list":{"0":"post-1268","1":"product","2":"type-product","3":"status-publish","4":"has-post-thumbnail","6":"product_cat-bon-cadeau","8":"first","9":"instock","10":"downloadable","11":"virtual","12":"taxable","13":"purchasable","14":"product-type-simple"},"_links":{"self":[{"href":"https:\/\/www.chez-fonfon.com\/en\/wp-json\/wp\/v2\/product\/1268","targetHints":{"allow":["GET"]}}],"collection":[{"href":"https:\/\/www.chez-fonfon.com\/en\/wp-json\/wp\/v2\/product"}],"about":[{"href":"https:\/\/www.chez-fonfon.com\/en\/wp-json\/wp\/v2\/types\/product"}],"wp:featuredmedia":[{"embeddable":true,"href":"https:\/\/www.chez-fonfon.com\/en\/wp-json\/wp\/v2\/media\/7510"}],"wp:attachment":[{"href":"https:\/\/www.chez-fonfon.com\/en\/wp-json\/wp\/v2\/media?parent=1268"}],"wp:term":[{"taxonomy":"product_brand","embeddable":true,"href":"https:\/\/www.chez-fonfon.com\/en\/wp-json\/wp\/v2\/product_brand?post=1268"},{"taxonomy":"product_cat","embeddable":true,"href":"https:\/\/www.chez-fonfon.com\/en\/wp-json\/wp\/v2\/product_cat?post=1268"},{"taxonomy":"product_tag","embeddable":true,"href":"https:\/\/www.chez-fonfon.com\/en\/wp-json\/wp\/v2\/product_tag?post=1268"}],"curies":[{"name":"wp","href":"https:\/\/api.w.org\/{rel}","templated":true}]}}