{"id":1269,"date":"2016-03-30T16:14:58","date_gmt":"2016-03-30T14:14:58","guid":{"rendered":"http:\/\/www.chez-fonfon.com\/en\/shop\/bon-cadeau-la-suite-des-amis\/"},"modified":"2023-03-13T00:47:49","modified_gmt":"2023-03-12T23:47:49","slug":"bon-cadeau-valeur-libre","status":"publish","type":"product","link":"https:\/\/www.chez-fonfon.com\/en\/produit\/bon-cadeau-valeur-libre\/","title":{"rendered":"Bon cadeau Chez Fonfon valeur libre"},"content":{"rendered":"<p><span style=\"text-decoration: underline;\"><strong>Mode d&#8217;emploi<\/strong><\/span><br \/>\nVous remplissez le formulaire de droite et une fois l&#8217;achat du bon effectu\u00e9, le lien de t\u00e9l\u00e9chargement du bon sera envoy\u00e9 directement \u00e0 l&#8217;email du b\u00e9n\u00e9ficiaire renseign\u00e9.<\/p>\n<p><em><strong>Astuce :<\/strong> <\/em>Vous souhaitez offrir ce bon en personne, indiquez votre email en lieu et place de celui du b\u00e9n\u00e9ficiaire. Notez que vous pouvez \u00e9galement le t\u00e9l\u00e9charger sur la page de confirmation de paiement, apr\u00e8s le &#8220;retour boutique&#8221;<\/p>\n<p><strong><span style=\"text-decoration: underline;\">Conditions d&#8217;utilisation<\/span><\/strong><br \/>\nLe bon cadeau est\u00a0 valable pour tous les plats de la carte du restaurant.<br \/>\nLe Bon cadeau n&#8217;est ni \u00e9changeable, ni remboursable.<br \/>\nUne R\u00e9servation est obligatoire en amont, et avant la date d&#8217;expiration du bon cadeau \u00e0 savoir 365 jours apr\u00e8s achat.<\/p>\n<p>Merci de pr\u00e9ciser votre num\u00e9ro de bon cadeau \u00e0 la r\u00e9servation.<\/p>\n","protected":false},"excerpt":{"rendered":"<p><span style=\"text-decoration: underline;\"><strong><br \/>\n<\/strong><\/span>Offrez une soir\u00e9e inoubliable \u00e0 votre famille, vos amis ou vos relations professionnelles.<br \/>\nUn d\u00e9jeuner ou diner au restaurant &#8220;Chez Fonfon&#8221; d&#8217;un montant libre <strong>(minimum 60\u20ac).<\/strong><\/p>\n","protected":false},"featured_media":5374,"template":"","meta":[],"product_brand":[],"product_cat":[27],"product_tag":[],"class_list":{"0":"post-1269","1":"product","2":"type-product","3":"status-publish","4":"has-post-thumbnail","6":"product_cat-bon-cadeau","8":"first","9":"instock","10":"downloadable","11":"virtual","12":"taxable","13":"purchasable","14":"product-type-simple"},"_links":{"self":[{"href":"https:\/\/www.chez-fonfon.com\/en\/wp-json\/wp\/v2\/product\/1269","targetHints":{"allow":["GET"]}}],"collection":[{"href":"https:\/\/www.chez-fonfon.com\/en\/wp-json\/wp\/v2\/product"}],"about":[{"href":"https:\/\/www.chez-fonfon.com\/en\/wp-json\/wp\/v2\/types\/product"}],"wp:featuredmedia":[{"embeddable":true,"href":"https:\/\/www.chez-fonfon.com\/en\/wp-json\/wp\/v2\/media\/5374"}],"wp:attachment":[{"href":"https:\/\/www.chez-fonfon.com\/en\/wp-json\/wp\/v2\/media?parent=1269"}],"wp:term":[{"taxonomy":"product_brand","embeddable":true,"href":"https:\/\/www.chez-fonfon.com\/en\/wp-json\/wp\/v2\/product_brand?post=1269"},{"taxonomy":"product_cat","embeddable":true,"href":"https:\/\/www.chez-fonfon.com\/en\/wp-json\/wp\/v2\/product_cat?post=1269"},{"taxonomy":"product_tag","embeddable":true,"href":"https:\/\/www.chez-fonfon.com\/en\/wp-json\/wp\/v2\/product_tag?post=1269"}],"curies":[{"name":"wp","href":"https:\/\/api.w.org\/{rel}","templated":true}]}}