{"id":244,"date":"2015-12-10T21:34:36","date_gmt":"2015-12-10T20:34:36","guid":{"rendered":"http:\/\/fonfon.net-precis.com\/?post_type=product&#038;p=244"},"modified":"2023-06-29T21:23:17","modified_gmt":"2023-06-29T19:23:17","slug":"rouille","status":"publish","type":"product","link":"https:\/\/www.chez-fonfon.com\/en\/produit\/rouille\/","title":{"rendered":"Rouille"},"content":{"rendered":"<p>V\u00e9ritable symbole de la tradition culinaire marseillaise, la rouille sur quelques cro\u00fbtons accompagne votre soupe de poisson, pour vous faire d\u00e9couvrir de nouvelles saveurs.<\/p>\n<p>Avec son go\u00fbt sp\u00e9cifique, la rouille ravira vos papilles&#8230;<\/p>\n<p>Ingr\u00e9dients :<br \/>\nEau<br \/>\nHuile de tournesol<br \/>\nAil<br \/>\nMoutarde<br \/>\nJaune d&#8217;oeuf<br \/>\nP\u00e2te de tomate<br \/>\nF\u00e9cule de pomme de terre<br \/>\nProt\u00e9ines de lait<br \/>\nSel, \u00e9pices<br \/>\nStockage et conservation :<br \/>\nFabriqu\u00e9 en France<br \/>\nConditionnement : Unique<br \/>\nVolume : 90g<br \/>\nA conserver \u00e0 temp\u00e9rature ambiante<br \/>\nDate de p\u00e9remption : 36 mois \u00e0 compter de la date de production.<\/p>\n<p>Traduit avec www.DeepL.com\/Translator (version gratuite)<\/p>\n","protected":false},"excerpt":{"rendered":"<p>V\u00e9ritable symbole de la tradition culinaire marseillaise, la rouille sur quelques cro\u00fbtons accompagne votre soupe de poisson, pour vous faire d\u00e9couvrir de nouvelles saveurs.<\/p>\n<p>Avec son go\u00fbt sp\u00e9cifique, la rouille ravira vos papilles &#8230;<\/p>\n","protected":false},"featured_media":5747,"template":"","meta":[],"product_brand":[],"product_cat":[25],"product_tag":[],"class_list":{"0":"post-244","1":"product","2":"type-product","3":"status-publish","4":"has-post-thumbnail","6":"product_cat-made-in-fonfon-fr","8":"first","9":"instock","10":"taxable","11":"shipping-taxable","12":"purchasable","13":"product-type-simple"},"_links":{"self":[{"href":"https:\/\/www.chez-fonfon.com\/en\/wp-json\/wp\/v2\/product\/244","targetHints":{"allow":["GET"]}}],"collection":[{"href":"https:\/\/www.chez-fonfon.com\/en\/wp-json\/wp\/v2\/product"}],"about":[{"href":"https:\/\/www.chez-fonfon.com\/en\/wp-json\/wp\/v2\/types\/product"}],"wp:featuredmedia":[{"embeddable":true,"href":"https:\/\/www.chez-fonfon.com\/en\/wp-json\/wp\/v2\/media\/5747"}],"wp:attachment":[{"href":"https:\/\/www.chez-fonfon.com\/en\/wp-json\/wp\/v2\/media?parent=244"}],"wp:term":[{"taxonomy":"product_brand","embeddable":true,"href":"https:\/\/www.chez-fonfon.com\/en\/wp-json\/wp\/v2\/product_brand?post=244"},{"taxonomy":"product_cat","embeddable":true,"href":"https:\/\/www.chez-fonfon.com\/en\/wp-json\/wp\/v2\/product_cat?post=244"},{"taxonomy":"product_tag","embeddable":true,"href":"https:\/\/www.chez-fonfon.com\/en\/wp-json\/wp\/v2\/product_tag?post=244"}],"curies":[{"name":"wp","href":"https:\/\/api.w.org\/{rel}","templated":true}]}}