{"id":254,"date":"2015-12-10T21:57:04","date_gmt":"2015-12-10T20:57:04","guid":{"rendered":"http:\/\/fonfon.net-precis.com\/?post_type=product&#038;p=254"},"modified":"2023-06-29T21:21:35","modified_gmt":"2023-06-29T19:21:35","slug":"aioli","status":"publish","type":"product","link":"https:\/\/www.chez-fonfon.com\/en\/produit\/aioli\/","title":{"rendered":"A\u00efoli"},"content":{"rendered":"<p>V\u00e9ritable symbole de la tradition culinaire marseillaise, l&#8217;a\u00efoli sur quelques cro\u00fbtons accompagne votre soupe de poisson, pour vous faire d\u00e9couvrir de nouvelles saveurs. Avec son go\u00fbt sp\u00e9cifique, l&#8217;a\u00efoli vous ravira les papilles&#8230;<\/p>\n<p>Ingr\u00e9dients :<br \/>\nEau<br \/>\nHuile de tournesol<br \/>\nMoutarde<br \/>\nJaune d&#8217;oeuf<br \/>\nF\u00e9cule de pomme de terre<br \/>\nProt\u00e9ines de lait<br \/>\nSel<br \/>\nVinaigre<br \/>\nPoivre blanc.<br \/>\nStockage et conservation :<br \/>\nFabriqu\u00e9 en France<br \/>\nConditionnement : Unique<br \/>\nContenu : 90g<br \/>\nA conserver \u00e0 temp\u00e9rature ambiante . Apr\u00e8s ouverture, r\u00e9frig\u00e9rer et consommer rapidement.<br \/>\nDate de p\u00e9remption : 36 mois \u00e0 compter de la date de production.<\/p>\n<p>&nbsp;<\/p>\n","protected":false},"excerpt":{"rendered":"<p class=\"p1\"><span class=\"s1\">Also true symbol of Marseille&#8217;s culinary tradition , aioli on a few croutons accompany your fish soup, for you to discover new flavors. With its specific taste , you aioli delight the taste buds &#8230;<\/span><\/p>\n","protected":false},"featured_media":5745,"template":"","meta":[],"product_brand":[],"product_cat":[25],"product_tag":[],"class_list":{"0":"post-254","1":"product","2":"type-product","3":"status-publish","4":"has-post-thumbnail","6":"product_cat-made-in-fonfon-fr","8":"first","9":"instock","10":"featured","11":"taxable","12":"shipping-taxable","13":"purchasable","14":"product-type-simple"},"_links":{"self":[{"href":"https:\/\/www.chez-fonfon.com\/en\/wp-json\/wp\/v2\/product\/254","targetHints":{"allow":["GET"]}}],"collection":[{"href":"https:\/\/www.chez-fonfon.com\/en\/wp-json\/wp\/v2\/product"}],"about":[{"href":"https:\/\/www.chez-fonfon.com\/en\/wp-json\/wp\/v2\/types\/product"}],"wp:featuredmedia":[{"embeddable":true,"href":"https:\/\/www.chez-fonfon.com\/en\/wp-json\/wp\/v2\/media\/5745"}],"wp:attachment":[{"href":"https:\/\/www.chez-fonfon.com\/en\/wp-json\/wp\/v2\/media?parent=254"}],"wp:term":[{"taxonomy":"product_brand","embeddable":true,"href":"https:\/\/www.chez-fonfon.com\/en\/wp-json\/wp\/v2\/product_brand?post=254"},{"taxonomy":"product_cat","embeddable":true,"href":"https:\/\/www.chez-fonfon.com\/en\/wp-json\/wp\/v2\/product_cat?post=254"},{"taxonomy":"product_tag","embeddable":true,"href":"https:\/\/www.chez-fonfon.com\/en\/wp-json\/wp\/v2\/product_tag?post=254"}],"curies":[{"name":"wp","href":"https:\/\/api.w.org\/{rel}","templated":true}]}}