{"id":267,"date":"2015-12-10T22:37:13","date_gmt":"2015-12-10T21:37:13","guid":{"rendered":"http:\/\/fonfon.net-precis.com\/shop\/la-bouillabaisse-de-chez-fonfon\/"},"modified":"2023-06-29T21:20:52","modified_gmt":"2023-06-29T19:20:52","slug":"la-bouillabaisse-de-chez-fonfon","status":"publish","type":"product","link":"https:\/\/www.chez-fonfon.com\/en\/produit\/la-bouillabaisse-de-chez-fonfon\/","title":{"rendered":"La Bouillabaisse de Chez Fonfon"},"content":{"rendered":"<div><strong>La Bouillabaisse<\/strong>\u00a0est le plat traditionnel par excellence du restaurant Fonfon. Nous avons r\u00e9ussi \u00e0 la pr\u00e9parer pour vous en bocal de mani\u00e8re \u00e0 conserver tous ses ar\u00f4mes.<\/div>\n<div>Les m\u00eames ingr\u00e9dients qu&#8217;au restaurant: <strong>rascasse, vive, congre, tomate, safran<\/strong>&#8230;accompagn\u00e9e de ses sauces, rouille, a\u00efoli, plus quelques croutons.<\/div>\n<div>Vous aurez tous les parfums du Vallon des Auffes \u00e0 votre table.<\/div>\n<div><\/div>\n<div>\n<h2 class=\"p1\"><span class=\"s1\">Ingr\u00e9dients :<\/span><\/h2>\n<h3><strong>Bouillon<\/strong><\/h3>\n<ul>\n<li>Eau<\/li>\n<li>Plusieurs vari\u00e9t\u00e9s de poissons(12%)<\/li>\n<li>L\u00e9gumes(oignons,poireaux)<\/li>\n<li>Concentr\u00e9 de tomate<\/li>\n<li>Huile d&#8217;olive vierge extra<\/li>\n<li>Sel<\/li>\n<li>Epices et aromates dont safran.<\/li>\n<\/ul>\n<h3><strong>Garniture<\/strong><\/h3>\n<ul>\n<li>Poissons 38% (congre, vive, lotte, rascasse)<\/li>\n<li>Pommes de terre sans colorant ni conservateur.<\/li>\n<\/ul>\n<h2>Conditions de stockage et conservation :<\/h2>\n<ul>\n<li>Fabriqu\u00e9 en France<\/li>\n<li>Conditionnement : \u00e0 l&#8217;unit\u00e9<\/li>\n<li>Contenance : 780g<\/li>\n<li>Stocker \u00e0 temp\u00e9rature ambiante et s\u00e8che.<\/li>\n<li>Date limite de consommation :\u00a013 mois apr\u00e8s la date de fabrication.<\/li>\n<\/ul>\n<\/div>\n","protected":false},"excerpt":{"rendered":"<div><strong>La Bouillabaisse<\/strong>\u00a0est le plat traditionnel par excellence du restaurant Fonfon. Nous avons r\u00e9ussi \u00e0 la pr\u00e9parer pour vous en bocal de mani\u00e8re \u00e0 conserver tous ses ar\u00f4mes.<\/div>\n<div>Les m\u00eames ingr\u00e9dients qu&#8217;au restaurant: <strong>rascasse, vive, congre, tomate, safran<\/strong>&#8230;accompagn\u00e9e de ses sauces, rouille, a\u00efoli, plus quelques croutons.<\/div>\n<div>Vous aurez tous les parfums du Vallon des Auffes \u00e0 votre table.<\/div>\n","protected":false},"featured_media":5739,"template":"","meta":[],"product_brand":[],"product_cat":[25],"product_tag":[],"class_list":{"0":"post-267","1":"product","2":"type-product","3":"status-publish","4":"has-post-thumbnail","6":"product_cat-made-in-fonfon-fr","8":"first","9":"instock","10":"featured","11":"taxable","12":"shipping-taxable","13":"purchasable","14":"product-type-simple"},"_links":{"self":[{"href":"https:\/\/www.chez-fonfon.com\/en\/wp-json\/wp\/v2\/product\/267","targetHints":{"allow":["GET"]}}],"collection":[{"href":"https:\/\/www.chez-fonfon.com\/en\/wp-json\/wp\/v2\/product"}],"about":[{"href":"https:\/\/www.chez-fonfon.com\/en\/wp-json\/wp\/v2\/types\/product"}],"wp:featuredmedia":[{"embeddable":true,"href":"https:\/\/www.chez-fonfon.com\/en\/wp-json\/wp\/v2\/media\/5739"}],"wp:attachment":[{"href":"https:\/\/www.chez-fonfon.com\/en\/wp-json\/wp\/v2\/media?parent=267"}],"wp:term":[{"taxonomy":"product_brand","embeddable":true,"href":"https:\/\/www.chez-fonfon.com\/en\/wp-json\/wp\/v2\/product_brand?post=267"},{"taxonomy":"product_cat","embeddable":true,"href":"https:\/\/www.chez-fonfon.com\/en\/wp-json\/wp\/v2\/product_cat?post=267"},{"taxonomy":"product_tag","embeddable":true,"href":"https:\/\/www.chez-fonfon.com\/en\/wp-json\/wp\/v2\/product_tag?post=267"}],"curies":[{"name":"wp","href":"https:\/\/api.w.org\/{rel}","templated":true}]}}