{"id":4448,"date":"2019-09-05T15:01:22","date_gmt":"2019-09-05T13:01:22","guid":{"rendered":"https:\/\/www.chez-fonfon.com\/?post_type=product&#038;p=4448"},"modified":"2024-11-21T15:11:22","modified_gmt":"2024-11-21T14:11:22","slug":"cuvee-eleonore-vallon-des-auffes","status":"publish","type":"product","link":"https:\/\/www.chez-fonfon.com\/en\/produit\/cuvee-eleonore-vallon-des-auffes\/","title":{"rendered":"Cuv\u00e9e El\u00e9onore, Blanc, Rouge, Domaine des C\u00e9sars"},"content":{"rendered":"<p>C\u00f4te du Rh\u00f4ne blanc ou rouge au choix<\/p>\n<p>C\u00e9pages blanc : Viognier, Marsanne, Roussanne, Grenache<\/p>\n<p>C\u00e9pages rouge : Grenache, Syrah<\/p>\n","protected":false},"excerpt":{"rendered":"<p>C\u00f4te du Rh\u00f4ne blanc ou rouge au choix<\/p>\n<p>C\u00e9pages blanc : Viognier, Marsanne, Roussanne, Grenache<\/p>\n<p>C\u00e9pages rouge : Grenache, Syrah<\/p>\n","protected":false},"featured_media":5779,"template":"","meta":[],"product_brand":[],"product_cat":[29],"product_tag":[],"class_list":{"0":"post-4448","1":"product","2":"type-product","3":"status-publish","4":"has-post-thumbnail","6":"product_cat-vin","8":"first","9":"instock","10":"taxable","11":"shipping-taxable","12":"purchasable","13":"product-type-variable"},"_links":{"self":[{"href":"https:\/\/www.chez-fonfon.com\/en\/wp-json\/wp\/v2\/product\/4448","targetHints":{"allow":["GET"]}}],"collection":[{"href":"https:\/\/www.chez-fonfon.com\/en\/wp-json\/wp\/v2\/product"}],"about":[{"href":"https:\/\/www.chez-fonfon.com\/en\/wp-json\/wp\/v2\/types\/product"}],"wp:featuredmedia":[{"embeddable":true,"href":"https:\/\/www.chez-fonfon.com\/en\/wp-json\/wp\/v2\/media\/5779"}],"wp:attachment":[{"href":"https:\/\/www.chez-fonfon.com\/en\/wp-json\/wp\/v2\/media?parent=4448"}],"wp:term":[{"taxonomy":"product_brand","embeddable":true,"href":"https:\/\/www.chez-fonfon.com\/en\/wp-json\/wp\/v2\/product_brand?post=4448"},{"taxonomy":"product_cat","embeddable":true,"href":"https:\/\/www.chez-fonfon.com\/en\/wp-json\/wp\/v2\/product_cat?post=4448"},{"taxonomy":"product_tag","embeddable":true,"href":"https:\/\/www.chez-fonfon.com\/en\/wp-json\/wp\/v2\/product_tag?post=4448"}],"curies":[{"name":"wp","href":"https:\/\/api.w.org\/{rel}","templated":true}]}}