{"id":4451,"date":"2019-09-05T15:14:53","date_gmt":"2019-09-05T13:14:53","guid":{"rendered":"https:\/\/www.chez-fonfon.com\/?post_type=product&#038;p=4451"},"modified":"2024-11-21T15:09:24","modified_gmt":"2024-11-21T14:09:24","slug":"cuvee-des-3-senateurs-domaine-des-cesars","status":"publish","type":"product","link":"https:\/\/www.chez-fonfon.com\/en\/produit\/cuvee-des-3-senateurs-domaine-des-cesars\/","title":{"rendered":"Cuv\u00e9e des 3 s\u00e9nateurs, Domaine des C\u00e9sars"},"content":{"rendered":"<p><img loading=\"lazy\" decoding=\"async\" class=\"alignnone size-medium wp-image-5335\" src=\"http:\/\/chez-fonfon.alphonseetjean.fr\/wp-content\/uploads\/sites\/3\/2019\/09\/Cuvee-des-3-senateurs-Domaine-des-Cesars-8.50E-300x200.jpg\" alt=\"\" width=\"300\" height=\"200\" srcset=\"https:\/\/www.chez-fonfon.com\/wp-content\/uploads\/sites\/3\/2019\/09\/Cuvee-des-3-senateurs-Domaine-des-Cesars-8.50E-300x200.jpg 300w, https:\/\/www.chez-fonfon.com\/wp-content\/uploads\/sites\/3\/2019\/09\/Cuvee-des-3-senateurs-Domaine-des-Cesars-8.50E.jpg 600w\" sizes=\"auto, (max-width: 300px) 100vw, 300px\" \/>C\u00e9pages : Grenache, Syrah, Carignan.<\/p>\n<div id=\"sconnect-is-installed\"><\/div>\n<div id=\"sconnect-is-installed\"><\/div>\n<div id=\"sconnect-is-installed\"><\/div>\n","protected":false},"excerpt":{"rendered":"<p>C\u00e9pages : Grenache, Syrah, Carignan.<\/p>\n<div id=\"sconnect-is-installed\"><\/div>\n<div id=\"sconnect-is-installed\"><\/div>\n<div id=\"sconnect-is-installed\"><\/div>\n","protected":false},"featured_media":5767,"template":"","meta":[],"product_brand":[],"product_cat":[29],"product_tag":[],"class_list":{"0":"post-4451","1":"product","2":"type-product","3":"status-publish","4":"has-post-thumbnail","6":"product_cat-vin","8":"first","9":"instock","10":"taxable","11":"shipping-taxable","12":"purchasable","13":"product-type-simple"},"_links":{"self":[{"href":"https:\/\/www.chez-fonfon.com\/en\/wp-json\/wp\/v2\/product\/4451","targetHints":{"allow":["GET"]}}],"collection":[{"href":"https:\/\/www.chez-fonfon.com\/en\/wp-json\/wp\/v2\/product"}],"about":[{"href":"https:\/\/www.chez-fonfon.com\/en\/wp-json\/wp\/v2\/types\/product"}],"wp:featuredmedia":[{"embeddable":true,"href":"https:\/\/www.chez-fonfon.com\/en\/wp-json\/wp\/v2\/media\/5767"}],"wp:attachment":[{"href":"https:\/\/www.chez-fonfon.com\/en\/wp-json\/wp\/v2\/media?parent=4451"}],"wp:term":[{"taxonomy":"product_brand","embeddable":true,"href":"https:\/\/www.chez-fonfon.com\/en\/wp-json\/wp\/v2\/product_brand?post=4451"},{"taxonomy":"product_cat","embeddable":true,"href":"https:\/\/www.chez-fonfon.com\/en\/wp-json\/wp\/v2\/product_cat?post=4451"},{"taxonomy":"product_tag","embeddable":true,"href":"https:\/\/www.chez-fonfon.com\/en\/wp-json\/wp\/v2\/product_tag?post=4451"}],"curies":[{"name":"wp","href":"https:\/\/api.w.org\/{rel}","templated":true}]}}